{"id":1471,"date":"2024-08-23T13:22:11","date_gmt":"2024-08-23T13:22:11","guid":{"rendered":"https:\/\/bustanelzeitoun.com\/?page_id=1471"},"modified":"2024-08-23T13:33:17","modified_gmt":"2024-08-23T13:33:17","slug":"our-story","status":"publish","type":"page","link":"https:\/\/bustanelzeitoun.com\/es\/our-story\/","title":{"rendered":"Our Story"},"content":{"rendered":"<p><strong>Our Story<\/strong><\/p>\n\n\n\n<p>Our Extra Virgin olive is premium quality, produced from our estate olive grove of 30 hectares .With perfect respect to the environment, our olives are handpicked , early harvested , cold pressed in our 2 phase olive own oil mill shortly after harvest.\n<br>\nOur high quality E.V.O.O is produced by freshly crushed olives. It is Pure, fresh, rich in natural flavors, in nutrients and high phenolic compounds, given by freshly crushed olives.\n<\/p>\n\n\n\n<p><\/p>\n\n\n\n<p><strong>Notre Histoire<\/strong><\/p>\n\n\n\n<p>Notre huile d&#8217;olive extra vierge est de qualit\u00e9 sup\u00e9rieure, produite \u00e0 partir de notre domaine ol\u00e9icole de 30 hectares. Dans le respect parfait de l&#8217;environnement, nos olives sont cueillies \u00e0 la main, r\u00e9colt\u00e9es pr\u00e9cocement, et press\u00e9es \u00e0 froid dans notre moulin \u00e0 huile \u00e0 deux phases peu apr\u00e8s la r\u00e9colte.\n<br>\nNotre huile d&#8217;olive extra vierge de haute qualit\u00e9 est produite \u00e0 partir d&#8217;olives fra\u00eechement broy\u00e9es. Elle est pure, fra\u00eeche, riche en saveurs naturelles, en nutriments et en compos\u00e9s ph\u00e9noliques \u00e9lev\u00e9s, gr\u00e2ce aux olives fra\u00eechement broy\u00e9es.\n<\/p>\n\n\n\n<p><\/p>","protected":false},"excerpt":{"rendered":"Our Story Our Extra Virgin olive is premium quality, produced from our estate olive grove of 30 hectares .With perfect respect to the environment, our olives are handpicked , early harvested , cold pressed in our 2 phase olive own oil mill shortly after harvest. Our high quality E.V.O.O is produced by freshly crushed olives&#8230;.","protected":false},"author":2,"featured_media":0,"parent":0,"menu_order":0,"comment_status":"closed","ping_status":"closed","template":"","meta":{"footnotes":""},"class_list":["post-1471","page","type-page","status-publish","hentry"],"acf":[],"_links":{"self":[{"href":"https:\/\/bustanelzeitoun.com\/es\/wp-json\/wp\/v2\/pages\/1471","targetHints":{"allow":["GET"]}}],"collection":[{"href":"https:\/\/bustanelzeitoun.com\/es\/wp-json\/wp\/v2\/pages"}],"about":[{"href":"https:\/\/bustanelzeitoun.com\/es\/wp-json\/wp\/v2\/types\/page"}],"author":[{"embeddable":true,"href":"https:\/\/bustanelzeitoun.com\/es\/wp-json\/wp\/v2\/users\/2"}],"replies":[{"embeddable":true,"href":"https:\/\/bustanelzeitoun.com\/es\/wp-json\/wp\/v2\/comments?post=1471"}],"version-history":[{"count":6,"href":"https:\/\/bustanelzeitoun.com\/es\/wp-json\/wp\/v2\/pages\/1471\/revisions"}],"predecessor-version":[{"id":1481,"href":"https:\/\/bustanelzeitoun.com\/es\/wp-json\/wp\/v2\/pages\/1471\/revisions\/1481"}],"wp:attachment":[{"href":"https:\/\/bustanelzeitoun.com\/es\/wp-json\/wp\/v2\/media?parent=1471"}],"curies":[{"name":"wp","href":"https:\/\/api.w.org\/{rel}","templated":true}]}}